{"id":2747,"date":"2024-10-11T10:11:55","date_gmt":"2024-10-11T10:11:55","guid":{"rendered":"https:\/\/tecnitramo.es\/?page_id=2747"},"modified":"2026-01-07T10:58:56","modified_gmt":"2026-01-07T10:58:56","slug":"lavadoras","status":"publish","type":"page","link":"https:\/\/tecnitramo.es\/pt\/lavadoras\/","title":{"rendered":"M\u00e1quinas de lavar roupa"},"content":{"rendered":"","protected":false},"excerpt":{"rendered":"","protected":false},"author":2,"featured_media":47512,"parent":0,"menu_order":0,"comment_status":"closed","ping_status":"closed","template":"","meta":{"_acf_changed":false,"footnotes":""},"class_list":["post-2747","page","type-page","status-publish","has-post-thumbnail","hentry"],"acf":[],"yoast_head":"<!-- This site is optimized with the Yoast SEO plugin v27.2 - https:\/\/yoast.com\/product\/yoast-seo-wordpress\/ -->\n<title>Lavadoras industriales para lavander\u00eda | Cat\u00e1logo Tecnitramo<\/title>\n<meta name=\"description\" content=\"Descubre nuestro cat\u00e1logo de lavadoras profesionales e industriales para lavander\u00edas y proyectos industriales. Equipos robustos, eficiencia energ\u00e9tica y soluciones adaptadas a tu negocio con Tecnitramo.\" \/>\n<meta name=\"robots\" content=\"index, follow, max-snippet:-1, max-image-preview:large, max-video-preview:-1\" \/>\n<link rel=\"canonical\" href=\"https:\/\/dimgrey-gerbil-317418.hostingersite.com\/pt\/lavadoras\/\" \/>\n<meta property=\"og:locale\" content=\"pt_PT\" \/>\n<meta property=\"og:type\" content=\"article\" \/>\n<meta property=\"og:title\" content=\"Lavadoras industriales para lavander\u00eda | Cat\u00e1logo Tecnitramo\" \/>\n<meta property=\"og:description\" content=\"Descubre nuestro cat\u00e1logo de lavadoras profesionales e industriales para lavander\u00edas y proyectos industriales. Equipos robustos, eficiencia energ\u00e9tica y soluciones adaptadas a tu negocio con Tecnitramo.\" \/>\n<meta property=\"og:url\" content=\"https:\/\/dimgrey-gerbil-317418.hostingersite.com\/pt\/lavadoras\/\" \/>\n<meta property=\"og:site_name\" content=\"Tecnitramo\" \/>\n<meta property=\"article:modified_time\" content=\"2026-01-07T10:58:56+00:00\" \/>\n<meta property=\"og:image\" content=\"https:\/\/dimgrey-gerbil-317418.hostingersite.com\/wp-content\/uploads\/2025\/07\/Servicio-al-cliente.jpg\" \/>\n\t<meta property=\"og:image:width\" content=\"615\" \/>\n\t<meta property=\"og:image:height\" content=\"615\" \/>\n\t<meta property=\"og:image:type\" content=\"image\/jpeg\" \/>\n<meta name=\"twitter:card\" content=\"summary_large_image\" \/>\n<meta name=\"twitter:label1\" content=\"Tempo estimado de leitura\" \/>\n\t<meta name=\"twitter:data1\" content=\"1 minuto\" \/>\n<script type=\"application\/ld+json\" class=\"yoast-schema-graph\">{\"@context\":\"https:\/\/schema.org\",\"@graph\":[{\"@type\":\"WebPage\",\"@id\":\"https:\/\/dimgrey-gerbil-317418.hostingersite.com\/pt\/lavadoras\/\",\"url\":\"https:\/\/dimgrey-gerbil-317418.hostingersite.com\/pt\/lavadoras\/\",\"name\":\"Lavadoras industriales para lavander\u00eda | Cat\u00e1logo Tecnitramo\",\"isPartOf\":{\"@id\":\"https:\/\/tecnitramo.es\/fr\/#website\"},\"primaryImageOfPage\":{\"@id\":\"https:\/\/dimgrey-gerbil-317418.hostingersite.com\/pt\/lavadoras\/#primaryimage\"},\"image\":{\"@id\":\"https:\/\/dimgrey-gerbil-317418.hostingersite.com\/pt\/lavadoras\/#primaryimage\"},\"thumbnailUrl\":\"https:\/\/tecnitramo.es\/wp-content\/uploads\/2025\/07\/Servicio-al-cliente.jpg\",\"datePublished\":\"2024-10-11T10:11:55+00:00\",\"dateModified\":\"2026-01-07T10:58:56+00:00\",\"description\":\"Descubre nuestro cat\u00e1logo de lavadoras profesionales e industriales para lavander\u00edas y proyectos industriales. Equipos robustos, eficiencia energ\u00e9tica y soluciones adaptadas a tu negocio con Tecnitramo.\",\"breadcrumb\":{\"@id\":\"https:\/\/dimgrey-gerbil-317418.hostingersite.com\/pt\/lavadoras\/#breadcrumb\"},\"inLanguage\":\"pt-PT\",\"potentialAction\":[{\"@type\":\"ReadAction\",\"target\":[\"https:\/\/dimgrey-gerbil-317418.hostingersite.com\/pt\/lavadoras\/\"]}]},{\"@type\":\"ImageObject\",\"inLanguage\":\"pt-PT\",\"@id\":\"https:\/\/dimgrey-gerbil-317418.hostingersite.com\/pt\/lavadoras\/#primaryimage\",\"url\":\"https:\/\/tecnitramo.es\/wp-content\/uploads\/2025\/07\/Servicio-al-cliente.jpg\",\"contentUrl\":\"https:\/\/tecnitramo.es\/wp-content\/uploads\/2025\/07\/Servicio-al-cliente.jpg\",\"width\":615,\"height\":615},{\"@type\":\"BreadcrumbList\",\"@id\":\"https:\/\/dimgrey-gerbil-317418.hostingersite.com\/pt\/lavadoras\/#breadcrumb\",\"itemListElement\":[{\"@type\":\"ListItem\",\"position\":1,\"name\":\"Portada\",\"item\":\"https:\/\/dimgrey-gerbil-317418.hostingersite.com\/fr\/\"},{\"@type\":\"ListItem\",\"position\":2,\"name\":\"Lavadoras\"}]},{\"@type\":\"WebSite\",\"@id\":\"https:\/\/tecnitramo.es\/fr\/#website\",\"url\":\"https:\/\/tecnitramo.es\/fr\/\",\"name\":\"Tecnitramo\",\"description\":\"Fabricaci\u00f3n de maquinaria y equipamiento para lavander\u00eda industrial.\",\"publisher\":{\"@id\":\"https:\/\/tecnitramo.es\/fr\/#organization\"},\"alternateName\":\"Tecnitramo Lavander\u00eda Industrial\",\"potentialAction\":[{\"@type\":\"SearchAction\",\"target\":{\"@type\":\"EntryPoint\",\"urlTemplate\":\"https:\/\/tecnitramo.es\/fr\/?s={search_term_string}\"},\"query-input\":{\"@type\":\"PropertyValueSpecification\",\"valueRequired\":true,\"valueName\":\"search_term_string\"}}],\"inLanguage\":\"pt-PT\"},{\"@type\":\"Organization\",\"@id\":\"https:\/\/tecnitramo.es\/fr\/#organization\",\"name\":\"Tecnitramo\",\"alternateName\":\"Tecnitramo Lavander\u00eda Industrial\",\"url\":\"https:\/\/tecnitramo.es\/fr\/\",\"logo\":{\"@type\":\"ImageObject\",\"inLanguage\":\"pt-PT\",\"@id\":\"https:\/\/tecnitramo.es\/fr\/#\/schema\/logo\/image\/\",\"url\":\"https:\/\/tecnitramo.es\/wp-content\/uploads\/2025\/12\/logo-tecnitramo-cuadrado.png\",\"contentUrl\":\"https:\/\/tecnitramo.es\/wp-content\/uploads\/2025\/12\/logo-tecnitramo-cuadrado.png\",\"width\":696,\"height\":696,\"caption\":\"Tecnitramo\"},\"image\":{\"@id\":\"https:\/\/tecnitramo.es\/fr\/#\/schema\/logo\/image\/\"}}]}<\/script>\n<!-- \/ Yoast SEO plugin. -->","yoast_head_json":{"title":"Lavadoras industriales para lavander\u00eda | Cat\u00e1logo Tecnitramo","description":"Descubre nuestro cat\u00e1logo de lavadoras profesionales e industriales para lavander\u00edas y proyectos industriales. Equipos robustos, eficiencia energ\u00e9tica y soluciones adaptadas a tu negocio con Tecnitramo.","robots":{"index":"index","follow":"follow","max-snippet":"max-snippet:-1","max-image-preview":"max-image-preview:large","max-video-preview":"max-video-preview:-1"},"canonical":"https:\/\/dimgrey-gerbil-317418.hostingersite.com\/pt\/lavadoras\/","og_locale":"pt_PT","og_type":"article","og_title":"Lavadoras industriales para lavander\u00eda | Cat\u00e1logo Tecnitramo","og_description":"Descubre nuestro cat\u00e1logo de lavadoras profesionales e industriales para lavander\u00edas y proyectos industriales. Equipos robustos, eficiencia energ\u00e9tica y soluciones adaptadas a tu negocio con Tecnitramo.","og_url":"https:\/\/dimgrey-gerbil-317418.hostingersite.com\/pt\/lavadoras\/","og_site_name":"Tecnitramo","article_modified_time":"2026-01-07T10:58:56+00:00","og_image":[{"width":615,"height":615,"url":"https:\/\/dimgrey-gerbil-317418.hostingersite.com\/wp-content\/uploads\/2025\/07\/Servicio-al-cliente.jpg","type":"image\/jpeg"}],"twitter_card":"summary_large_image","twitter_misc":{"Tempo estimado de leitura":"1 minuto"},"schema":{"@context":"https:\/\/schema.org","@graph":[{"@type":"WebPage","@id":"https:\/\/dimgrey-gerbil-317418.hostingersite.com\/pt\/lavadoras\/","url":"https:\/\/dimgrey-gerbil-317418.hostingersite.com\/pt\/lavadoras\/","name":"Lavadoras industriales para lavander\u00eda | Cat\u00e1logo Tecnitramo","isPartOf":{"@id":"https:\/\/tecnitramo.es\/fr\/#website"},"primaryImageOfPage":{"@id":"https:\/\/dimgrey-gerbil-317418.hostingersite.com\/pt\/lavadoras\/#primaryimage"},"image":{"@id":"https:\/\/dimgrey-gerbil-317418.hostingersite.com\/pt\/lavadoras\/#primaryimage"},"thumbnailUrl":"https:\/\/tecnitramo.es\/wp-content\/uploads\/2025\/07\/Servicio-al-cliente.jpg","datePublished":"2024-10-11T10:11:55+00:00","dateModified":"2026-01-07T10:58:56+00:00","description":"Descubre nuestro cat\u00e1logo de lavadoras profesionales e industriales para lavander\u00edas y proyectos industriales. Equipos robustos, eficiencia energ\u00e9tica y soluciones adaptadas a tu negocio con Tecnitramo.","breadcrumb":{"@id":"https:\/\/dimgrey-gerbil-317418.hostingersite.com\/pt\/lavadoras\/#breadcrumb"},"inLanguage":"pt-PT","potentialAction":[{"@type":"ReadAction","target":["https:\/\/dimgrey-gerbil-317418.hostingersite.com\/pt\/lavadoras\/"]}]},{"@type":"ImageObject","inLanguage":"pt-PT","@id":"https:\/\/dimgrey-gerbil-317418.hostingersite.com\/pt\/lavadoras\/#primaryimage","url":"https:\/\/tecnitramo.es\/wp-content\/uploads\/2025\/07\/Servicio-al-cliente.jpg","contentUrl":"https:\/\/tecnitramo.es\/wp-content\/uploads\/2025\/07\/Servicio-al-cliente.jpg","width":615,"height":615},{"@type":"BreadcrumbList","@id":"https:\/\/dimgrey-gerbil-317418.hostingersite.com\/pt\/lavadoras\/#breadcrumb","itemListElement":[{"@type":"ListItem","position":1,"name":"Portada","item":"https:\/\/dimgrey-gerbil-317418.hostingersite.com\/fr\/"},{"@type":"ListItem","position":2,"name":"Lavadoras"}]},{"@type":"WebSite","@id":"https:\/\/tecnitramo.es\/fr\/#website","url":"https:\/\/tecnitramo.es\/fr\/","name":"Tecnitramo","description":"Fabricaci\u00f3n de maquinaria y equipamiento para lavander\u00eda industrial.","publisher":{"@id":"https:\/\/tecnitramo.es\/fr\/#organization"},"alternateName":"Tecnitramo Lavander\u00eda Industrial","potentialAction":[{"@type":"SearchAction","target":{"@type":"EntryPoint","urlTemplate":"https:\/\/tecnitramo.es\/fr\/?s={search_term_string}"},"query-input":{"@type":"PropertyValueSpecification","valueRequired":true,"valueName":"search_term_string"}}],"inLanguage":"pt-PT"},{"@type":"Organization","@id":"https:\/\/tecnitramo.es\/fr\/#organization","name":"Tecnitramo","alternateName":"Tecnitramo Lavander\u00eda Industrial","url":"https:\/\/tecnitramo.es\/fr\/","logo":{"@type":"ImageObject","inLanguage":"pt-PT","@id":"https:\/\/tecnitramo.es\/fr\/#\/schema\/logo\/image\/","url":"https:\/\/tecnitramo.es\/wp-content\/uploads\/2025\/12\/logo-tecnitramo-cuadrado.png","contentUrl":"https:\/\/tecnitramo.es\/wp-content\/uploads\/2025\/12\/logo-tecnitramo-cuadrado.png","width":696,"height":696,"caption":"Tecnitramo"},"image":{"@id":"https:\/\/tecnitramo.es\/fr\/#\/schema\/logo\/image\/"}}]}},"_links":{"self":[{"href":"https:\/\/tecnitramo.es\/pt\/wp-json\/wp\/v2\/pages\/2747","targetHints":{"allow":["GET"]}}],"collection":[{"href":"https:\/\/tecnitramo.es\/pt\/wp-json\/wp\/v2\/pages"}],"about":[{"href":"https:\/\/tecnitramo.es\/pt\/wp-json\/wp\/v2\/types\/page"}],"author":[{"embeddable":true,"href":"https:\/\/tecnitramo.es\/pt\/wp-json\/wp\/v2\/users\/2"}],"replies":[{"embeddable":true,"href":"https:\/\/tecnitramo.es\/pt\/wp-json\/wp\/v2\/comments?post=2747"}],"version-history":[{"count":1,"href":"https:\/\/tecnitramo.es\/pt\/wp-json\/wp\/v2\/pages\/2747\/revisions"}],"predecessor-version":[{"id":2748,"href":"https:\/\/tecnitramo.es\/pt\/wp-json\/wp\/v2\/pages\/2747\/revisions\/2748"}],"wp:featuredmedia":[{"embeddable":true,"href":"https:\/\/tecnitramo.es\/pt\/wp-json\/wp\/v2\/media\/47512"}],"wp:attachment":[{"href":"https:\/\/tecnitramo.es\/pt\/wp-json\/wp\/v2\/media?parent=2747"}],"curies":[{"name":"wp","href":"https:\/\/api.w.org\/{rel}","templated":true}]}}